{"id":2170,"date":"2025-02-01T15:15:56","date_gmt":"2025-02-01T14:15:56","guid":{"rendered":"https:\/\/test.caribe.me\/yarnstockitaly\/%d0%b1%d0%bb%d0%be%d0%b3\/"},"modified":"2025-05-12T21:40:45","modified_gmt":"2025-05-12T19:40:45","slug":"%d0%b1%d0%bb%d0%be%d0%b3","status":"publish","type":"page","link":"https:\/\/stockyarnitaly.com\/ru\/%d0%b1%d0%bb%d0%be%d0%b3\/","title":{"rendered":"\u0411\u043b\u043e\u0433"},"content":{"rendered":"\t\t<div data-elementor-type=\"wp-page\" data-elementor-id=\"2170\" class=\"elementor elementor-2170 elementor-1700\" data-elementor-post-type=\"page\">\n\t\t\t\t<div class=\"elementor-element elementor-element-1e858ff e-con-full e-flex e-con e-parent\" data-id=\"1e858ff\" data-element_type=\"container\" data-settings=\"{&quot;jet_parallax_layout_list&quot;:[]}\">\n\t\t<div class=\"elementor-element elementor-element-d0ddd97 e-con-full e-flex e-con e-child\" data-id=\"d0ddd97\" data-element_type=\"container\" data-settings=\"{&quot;jet_parallax_layout_list&quot;:[]}\">\n\t\t\t\t<div class=\"elementor-element elementor-element-e69a48a elementor-widget elementor-widget-heading\" data-id=\"e69a48a\" data-element_type=\"widget\" data-widget_type=\"heading.default\">\n\t\t\t\t<div class=\"elementor-widget-container\">\n\t\t\t\t\t<h1 class=\"elementor-heading-title elementor-size-default\">\u0411\u043b\u043e\u0433<\/h1>\t\t\t\t<\/div>\n\t\t\t\t<\/div>\n\t\t\t\t<div class=\"elementor-element elementor-element-4b697db elementor-icon-list--layout-inline elementor-list-item-link-full_width elementor-widget elementor-widget-icon-list\" data-id=\"4b697db\" data-element_type=\"widget\" data-widget_type=\"icon-list.default\">\n\t\t\t\t<div class=\"elementor-widget-container\">\n\t\t\t\t\t\t\t<ul class=\"elementor-icon-list-items elementor-inline-items\">\n\t\t\t\t\t\t\t<li class=\"elementor-icon-list-item elementor-inline-item\">\n\t\t\t\t\t\t\t\t\t\t\t<a href=\"https:\/\/stockyarnitaly.com\/ru\/\">\n\n\t\t\t\t\t\t\t\t\t\t\t<span class=\"elementor-icon-list-text\">\u0413\u043b\u0430\u0432\u043d\u0430\u044f<\/span>\n\t\t\t\t\t\t\t\t\t\t\t<\/a>\n\t\t\t\t\t\t\t\t\t<\/li>\n\t\t\t\t\t\t\t\t<li class=\"elementor-icon-list-item elementor-inline-item\">\n\t\t\t\t\t\t\t\t\t\t\t<a href=\"https:\/\/stockyarnitaly.com\/ru\/%d0%b1%d0%bb%d0%be%d0%b3\/\">\n\n\t\t\t\t\t\t\t\t\t\t\t\t<span class=\"elementor-icon-list-icon\">\n\t\t\t\t\t\t\t<i aria-hidden=\"true\" class=\"fas fa-chevron-right\"><\/i>\t\t\t\t\t\t<\/span>\n\t\t\t\t\t\t\t\t\t\t<span class=\"elementor-icon-list-text\">\u0411\u043b\u043e\u0433<\/span>\n\t\t\t\t\t\t\t\t\t\t\t<\/a>\n\t\t\t\t\t\t\t\t\t<\/li>\n\t\t\t\t\t\t<\/ul>\n\t\t\t\t\t\t<\/div>\n\t\t\t\t<\/div>\n\t\t\t\t<\/div>\n\t\t<div class=\"elementor-element elementor-element-6032cd5 e-con-full e-flex e-con e-child\" data-id=\"6032cd5\" data-element_type=\"container\" data-settings=\"{&quot;background_background&quot;:&quot;classic&quot;,&quot;jet_parallax_layout_list&quot;:[]}\">\n\t\t\t\t<\/div>\n\t\t\t\t<\/div>\n\t\t<div class=\"elementor-element elementor-element-a9e9ab2 e-con-full e-flex e-con e-parent\" data-id=\"a9e9ab2\" data-element_type=\"container\" data-settings=\"{&quot;jet_parallax_layout_list&quot;:[]}\">\n\t\t<div class=\"elementor-element elementor-element-12b59d7 e-con-full e-flex e-con e-child\" data-id=\"12b59d7\" data-element_type=\"container\" data-settings=\"{&quot;jet_parallax_layout_list&quot;:[]}\">\n\t\t\t\t<div class=\"elementor-element elementor-element-2a7eea0 elementor-widget elementor-widget-heading\" data-id=\"2a7eea0\" data-element_type=\"widget\" data-widget_type=\"heading.default\">\n\t\t\t\t<div class=\"elementor-widget-container\">\n\t\t\t\t\t<h2 class=\"elementor-heading-title elementor-size-default\">\u0427\u0438\u0442\u0430\u0439\u0442\u0435 \u043d\u0430\u0448 \u0431\u043b\u043e\u0433 \u0438 \u0431\u0443\u0434\u044c\u0442\u0435 \u0432 \u043a\u0443\u0440\u0441\u0435 \u043f\u043e\u0441\u043b\u0435\u0434\u043d\u0438\u0445 \u043d\u043e\u0432\u043e\u0441\u0442\u0435\u0439<\/h2>\t\t\t\t<\/div>\n\t\t\t\t<\/div>\n\t\t\t\t<div class=\"elementor-element elementor-element-fd4e769 elementor-widget elementor-widget-jet-listing-grid\" data-id=\"fd4e769\" data-element_type=\"widget\" data-settings=\"{&quot;columns&quot;:3}\" data-widget_type=\"jet-listing-grid.default\">\n\t\t\t\t<div class=\"elementor-widget-container\">\n\t\t\t\t\t<div class=\"jet-listing-grid jet-listing\"><div class=\"jet-listing-not-found jet-listing-grid__items\" data-nav=\"{&quot;enabled&quot;:false,&quot;type&quot;:null,&quot;more_el&quot;:null,&quot;query&quot;:[],&quot;widget_settings&quot;:{&quot;lisitng_id&quot;:217,&quot;posts_num&quot;:6,&quot;columns&quot;:3,&quot;columns_tablet&quot;:3,&quot;columns_mobile&quot;:3,&quot;column_min_width&quot;:240,&quot;column_min_width_tablet&quot;:240,&quot;column_min_width_mobile&quot;:240,&quot;inline_columns_css&quot;:false,&quot;is_archive_template&quot;:&quot;&quot;,&quot;post_status&quot;:[&quot;publish&quot;],&quot;use_random_posts_num&quot;:&quot;&quot;,&quot;max_posts_num&quot;:9,&quot;not_found_message&quot;:&quot;\\u0414\\u0430\\u043d\\u043d\\u044b\\u0435 \\u043d\\u0435 \\u043d\\u0430\\u0439\\u0434\\u0435\\u043d\\u044b&quot;,&quot;is_masonry&quot;:false,&quot;equal_columns_height&quot;:&quot;&quot;,&quot;use_load_more&quot;:&quot;&quot;,&quot;load_more_id&quot;:&quot;&quot;,&quot;load_more_type&quot;:&quot;click&quot;,&quot;load_more_offset&quot;:{&quot;unit&quot;:&quot;px&quot;,&quot;size&quot;:0,&quot;sizes&quot;:[]},&quot;use_custom_post_types&quot;:&quot;&quot;,&quot;custom_post_types&quot;:[],&quot;hide_widget_if&quot;:&quot;&quot;,&quot;carousel_enabled&quot;:&quot;&quot;,&quot;slides_to_scroll&quot;:&quot;1&quot;,&quot;arrows&quot;:&quot;true&quot;,&quot;arrow_icon&quot;:&quot;fa fa-angle-left&quot;,&quot;dots&quot;:&quot;&quot;,&quot;autoplay&quot;:&quot;true&quot;,&quot;pause_on_hover&quot;:&quot;true&quot;,&quot;autoplay_speed&quot;:5000,&quot;infinite&quot;:&quot;true&quot;,&quot;center_mode&quot;:&quot;&quot;,&quot;effect&quot;:&quot;slide&quot;,&quot;speed&quot;:500,&quot;inject_alternative_items&quot;:&quot;&quot;,&quot;injection_items&quot;:[],&quot;scroll_slider_enabled&quot;:&quot;&quot;,&quot;scroll_slider_on&quot;:[&quot;desktop&quot;,&quot;tablet&quot;,&quot;mobile&quot;],&quot;custom_query&quot;:false,&quot;custom_query_id&quot;:&quot;&quot;,&quot;_element_id&quot;:&quot;&quot;,&quot;collapse_first_last_gap&quot;:false,&quot;list_items_wrapper_tag&quot;:&quot;div&quot;,&quot;list_item_tag&quot;:&quot;div&quot;,&quot;empty_items_wrapper_tag&quot;:&quot;div&quot;}}\" data-listing-source=\"posts\" data-listing-id=\"217\" data-query-id=\"\" data-queried-id=\"2170|WP_Post\">\u0414\u0430\u043d\u043d\u044b\u0435 \u043d\u0435 \u043d\u0430\u0439\u0434\u0435\u043d\u044b<\/div><\/div>\t\t\t\t<\/div>\n\t\t\t\t<\/div>\n\t\t\t\t<\/div>\n\t\t\t\t<\/div>\n\t\t\t\t<\/div>\n\t\t","protected":false},"excerpt":{"rendered":"<p>\u0413\u043b\u0430\u0432\u043d\u0430\u044f \u0427\u0438\u0442\u0430\u0439\u0442\u0435 \u043d\u0430\u0448 \u0431\u043b\u043e\u0433 \u0438 \u0431\u0443\u0434\u044c\u0442\u0435 \u0432 \u043a\u0443\u0440\u0441\u0435 \u043f\u043e\u0441\u043b\u0435\u0434\u043d\u0438\u0445 \u043d\u043e\u0432\u043e\u0441\u0442\u0435\u0439 Agosto 30, 2021 Scopri di pi\u00f9 Agosto 30, 2021 Scopri di pi\u00f9 Agosto 30, 2021 Scopri di pi\u00f9 Agosto 30, 2021 Scopri di pi\u00f9 Agosto 30, 2021 Scopri di pi\u00f9<\/p>\n","protected":false},"author":2,"featured_media":0,"parent":0,"menu_order":0,"comment_status":"closed","ping_status":"closed","template":"","meta":{"footnotes":""},"class_list":["post-2170","page","type-page","status-publish","hentry"],"yoast_head":"<!-- This site is optimized with the Yoast SEO plugin v25.1 - https:\/\/yoast.com\/wordpress\/plugins\/seo\/ -->\n<title>\u0411\u043b\u043e\u0433 - Yarn Stock Italy<\/title>\n<meta name=\"robots\" content=\"index, follow, max-snippet:-1, max-image-preview:large, max-video-preview:-1\" \/>\n<link rel=\"canonical\" href=\"https:\/\/stockyarnitaly.com\/ru\/%d0%b1%d0%bb%d0%be%d0%b3\/\" \/>\n<meta property=\"og:locale\" content=\"ru_RU\" \/>\n<meta property=\"og:type\" content=\"article\" \/>\n<meta property=\"og:title\" content=\"\u0411\u043b\u043e\u0433 - Yarn Stock Italy\" \/>\n<meta property=\"og:description\" content=\"\u0413\u043b\u0430\u0432\u043d\u0430\u044f \u0427\u0438\u0442\u0430\u0439\u0442\u0435 \u043d\u0430\u0448 \u0431\u043b\u043e\u0433 \u0438 \u0431\u0443\u0434\u044c\u0442\u0435 \u0432 \u043a\u0443\u0440\u0441\u0435 \u043f\u043e\u0441\u043b\u0435\u0434\u043d\u0438\u0445 \u043d\u043e\u0432\u043e\u0441\u0442\u0435\u0439 Agosto 30, 2021 Scopri di pi\u00f9 Agosto 30, 2021 Scopri di pi\u00f9 Agosto 30, 2021 Scopri di pi\u00f9 Agosto 30, 2021 Scopri di pi\u00f9 Agosto 30, 2021 Scopri di pi\u00f9\" \/>\n<meta property=\"og:url\" content=\"https:\/\/stockyarnitaly.com\/ru\/%d0%b1%d0%bb%d0%be%d0%b3\/\" \/>\n<meta property=\"og:site_name\" content=\"Yarn Stock Italy\" \/>\n<meta property=\"article:modified_time\" content=\"2025-05-12T19:40:45+00:00\" \/>\n<meta name=\"twitter:card\" content=\"summary_large_image\" \/>\n<script type=\"application\/ld+json\" class=\"yoast-schema-graph\">{\"@context\":\"https:\/\/schema.org\",\"@graph\":[{\"@type\":\"WebPage\",\"@id\":\"https:\/\/stockyarnitaly.com\/ru\/%d0%b1%d0%bb%d0%be%d0%b3\/\",\"url\":\"https:\/\/stockyarnitaly.com\/ru\/%d0%b1%d0%bb%d0%be%d0%b3\/\",\"name\":\"\u0411\u043b\u043e\u0433 - Yarn Stock Italy\",\"isPartOf\":{\"@id\":\"https:\/\/stockyarnitaly.com\/ru\/#website\"},\"datePublished\":\"2025-02-01T14:15:56+00:00\",\"dateModified\":\"2025-05-12T19:40:45+00:00\",\"breadcrumb\":{\"@id\":\"https:\/\/stockyarnitaly.com\/ru\/%d0%b1%d0%bb%d0%be%d0%b3\/#breadcrumb\"},\"inLanguage\":\"ru-RU\",\"potentialAction\":[{\"@type\":\"ReadAction\",\"target\":[\"https:\/\/stockyarnitaly.com\/ru\/%d0%b1%d0%bb%d0%be%d0%b3\/\"]}]},{\"@type\":\"BreadcrumbList\",\"@id\":\"https:\/\/stockyarnitaly.com\/ru\/%d0%b1%d0%bb%d0%be%d0%b3\/#breadcrumb\",\"itemListElement\":[{\"@type\":\"ListItem\",\"position\":1,\"name\":\"Home\",\"item\":\"https:\/\/stockyarnitaly.com\/ru\/\"},{\"@type\":\"ListItem\",\"position\":2,\"name\":\"\u0411\u043b\u043e\u0433\"}]},{\"@type\":\"WebSite\",\"@id\":\"https:\/\/stockyarnitaly.com\/ru\/#website\",\"url\":\"https:\/\/stockyarnitaly.com\/ru\/\",\"name\":\"Yarn Stock Italy\",\"description\":\"\",\"publisher\":{\"@id\":\"https:\/\/stockyarnitaly.com\/ru\/#organization\"},\"potentialAction\":[{\"@type\":\"SearchAction\",\"target\":{\"@type\":\"EntryPoint\",\"urlTemplate\":\"https:\/\/stockyarnitaly.com\/ru\/?s={search_term_string}\"},\"query-input\":{\"@type\":\"PropertyValueSpecification\",\"valueRequired\":true,\"valueName\":\"search_term_string\"}}],\"inLanguage\":\"ru-RU\"},{\"@type\":\"Organization\",\"@id\":\"https:\/\/stockyarnitaly.com\/ru\/#organization\",\"name\":\"Vendita Stock Filati\",\"url\":\"https:\/\/stockyarnitaly.com\/ru\/\",\"logo\":{\"@type\":\"ImageObject\",\"inLanguage\":\"ru-RU\",\"@id\":\"https:\/\/stockyarnitaly.com\/ru\/#\/schema\/logo\/image\/\",\"url\":\"https:\/\/stockyarnitaly.com\/wp-content\/uploads\/2025\/02\/logo-orizzontale.png\",\"contentUrl\":\"https:\/\/stockyarnitaly.com\/wp-content\/uploads\/2025\/02\/logo-orizzontale.png\",\"width\":1000,\"height\":193,\"caption\":\"Vendita Stock Filati\"},\"image\":{\"@id\":\"https:\/\/stockyarnitaly.com\/ru\/#\/schema\/logo\/image\/\"}}]}<\/script>\n<!-- \/ Yoast SEO plugin. -->","yoast_head_json":{"title":"\u0411\u043b\u043e\u0433 - Yarn Stock Italy","robots":{"index":"index","follow":"follow","max-snippet":"max-snippet:-1","max-image-preview":"max-image-preview:large","max-video-preview":"max-video-preview:-1"},"canonical":"https:\/\/stockyarnitaly.com\/ru\/%d0%b1%d0%bb%d0%be%d0%b3\/","og_locale":"ru_RU","og_type":"article","og_title":"\u0411\u043b\u043e\u0433 - Yarn Stock Italy","og_description":"\u0413\u043b\u0430\u0432\u043d\u0430\u044f \u0427\u0438\u0442\u0430\u0439\u0442\u0435 \u043d\u0430\u0448 \u0431\u043b\u043e\u0433 \u0438 \u0431\u0443\u0434\u044c\u0442\u0435 \u0432 \u043a\u0443\u0440\u0441\u0435 \u043f\u043e\u0441\u043b\u0435\u0434\u043d\u0438\u0445 \u043d\u043e\u0432\u043e\u0441\u0442\u0435\u0439 Agosto 30, 2021 Scopri di pi\u00f9 Agosto 30, 2021 Scopri di pi\u00f9 Agosto 30, 2021 Scopri di pi\u00f9 Agosto 30, 2021 Scopri di pi\u00f9 Agosto 30, 2021 Scopri di pi\u00f9","og_url":"https:\/\/stockyarnitaly.com\/ru\/%d0%b1%d0%bb%d0%be%d0%b3\/","og_site_name":"Yarn Stock Italy","article_modified_time":"2025-05-12T19:40:45+00:00","twitter_card":"summary_large_image","schema":{"@context":"https:\/\/schema.org","@graph":[{"@type":"WebPage","@id":"https:\/\/stockyarnitaly.com\/ru\/%d0%b1%d0%bb%d0%be%d0%b3\/","url":"https:\/\/stockyarnitaly.com\/ru\/%d0%b1%d0%bb%d0%be%d0%b3\/","name":"\u0411\u043b\u043e\u0433 - Yarn Stock Italy","isPartOf":{"@id":"https:\/\/stockyarnitaly.com\/ru\/#website"},"datePublished":"2025-02-01T14:15:56+00:00","dateModified":"2025-05-12T19:40:45+00:00","breadcrumb":{"@id":"https:\/\/stockyarnitaly.com\/ru\/%d0%b1%d0%bb%d0%be%d0%b3\/#breadcrumb"},"inLanguage":"ru-RU","potentialAction":[{"@type":"ReadAction","target":["https:\/\/stockyarnitaly.com\/ru\/%d0%b1%d0%bb%d0%be%d0%b3\/"]}]},{"@type":"BreadcrumbList","@id":"https:\/\/stockyarnitaly.com\/ru\/%d0%b1%d0%bb%d0%be%d0%b3\/#breadcrumb","itemListElement":[{"@type":"ListItem","position":1,"name":"Home","item":"https:\/\/stockyarnitaly.com\/ru\/"},{"@type":"ListItem","position":2,"name":"\u0411\u043b\u043e\u0433"}]},{"@type":"WebSite","@id":"https:\/\/stockyarnitaly.com\/ru\/#website","url":"https:\/\/stockyarnitaly.com\/ru\/","name":"Yarn Stock Italy","description":"","publisher":{"@id":"https:\/\/stockyarnitaly.com\/ru\/#organization"},"potentialAction":[{"@type":"SearchAction","target":{"@type":"EntryPoint","urlTemplate":"https:\/\/stockyarnitaly.com\/ru\/?s={search_term_string}"},"query-input":{"@type":"PropertyValueSpecification","valueRequired":true,"valueName":"search_term_string"}}],"inLanguage":"ru-RU"},{"@type":"Organization","@id":"https:\/\/stockyarnitaly.com\/ru\/#organization","name":"Vendita Stock Filati","url":"https:\/\/stockyarnitaly.com\/ru\/","logo":{"@type":"ImageObject","inLanguage":"ru-RU","@id":"https:\/\/stockyarnitaly.com\/ru\/#\/schema\/logo\/image\/","url":"https:\/\/stockyarnitaly.com\/wp-content\/uploads\/2025\/02\/logo-orizzontale.png","contentUrl":"https:\/\/stockyarnitaly.com\/wp-content\/uploads\/2025\/02\/logo-orizzontale.png","width":1000,"height":193,"caption":"Vendita Stock Filati"},"image":{"@id":"https:\/\/stockyarnitaly.com\/ru\/#\/schema\/logo\/image\/"}}]}},"_links":{"self":[{"href":"https:\/\/stockyarnitaly.com\/ru\/wp-json\/wp\/v2\/pages\/2170","targetHints":{"allow":["GET"]}}],"collection":[{"href":"https:\/\/stockyarnitaly.com\/ru\/wp-json\/wp\/v2\/pages"}],"about":[{"href":"https:\/\/stockyarnitaly.com\/ru\/wp-json\/wp\/v2\/types\/page"}],"author":[{"embeddable":true,"href":"https:\/\/stockyarnitaly.com\/ru\/wp-json\/wp\/v2\/users\/2"}],"replies":[{"embeddable":true,"href":"https:\/\/stockyarnitaly.com\/ru\/wp-json\/wp\/v2\/comments?post=2170"}],"version-history":[{"count":1,"href":"https:\/\/stockyarnitaly.com\/ru\/wp-json\/wp\/v2\/pages\/2170\/revisions"}],"predecessor-version":[{"id":2171,"href":"https:\/\/stockyarnitaly.com\/ru\/wp-json\/wp\/v2\/pages\/2170\/revisions\/2171"}],"wp:attachment":[{"href":"https:\/\/stockyarnitaly.com\/ru\/wp-json\/wp\/v2\/media?parent=2170"}],"curies":[{"name":"wp","href":"https:\/\/api.w.org\/{rel}","templated":true}]}}